{"id":1526,"date":"2018-05-29T11:14:04","date_gmt":"2018-05-29T11:14:04","guid":{"rendered":"http:\/\/xtratheme.com\/default\/?page_id=17"},"modified":"2024-06-28T16:17:58","modified_gmt":"2024-06-28T14:17:58","slug":"contacte","status":"publish","type":"page","link":"https:\/\/noetrans.siteon.click\/en\/contact\/","title":{"rendered":"Contacts"},"content":{"rendered":"<div data-elementor-type=\"wp-page\" data-elementor-id=\"1526\" class=\"elementor elementor-1526\" data-elementor-post-type=\"page\">\n\t\t\t\t<div class=\"elementor-element elementor-element-b9ff65d e-con-full e-flex e-con e-parent\" data-id=\"b9ff65d\" data-element_type=\"container\">\n\t\t<div class=\"elementor-element elementor-element-76d7598 e-con-full e-flex e-con e-child\" data-id=\"76d7598\" data-element_type=\"container\">\n\t\t<div class=\"elementor-element elementor-element-5dce184 e-con-full e-flex e-con e-child\" data-id=\"5dce184\" data-element_type=\"container\" data-settings=\"{&quot;background_background&quot;:&quot;classic&quot;}\">\n\t\t\t\t<div class=\"elementor-element elementor-element-053f3bc elementor-widget elementor-widget-cz_stylish_list\" data-id=\"053f3bc\" data-element_type=\"widget\" data-widget_type=\"cz_stylish_list.default\">\n\t\t\t\t<div class=\"elementor-widget-container\">\n\t\t\t<ul class=\"cz_stylish_list clr cz_sl_icon_hover_none\"><li class=\"elementor-repeater-item-94ffcfe clr\"><a href=\"mailto:info@noetrans.md\"><div class=\"cz_sl_icon\"><i class=\"mr10 fas fa-envelope\"><\/i><\/div><div><span>info@noetrans.md<\/span><\/div><\/a><\/li><li class=\"elementor-repeater-item-df4ac6d clr\"><div class=\"cz_sl_icon\"><i class=\"mr10 czi czico-171-circular-clock\"><\/i><\/div><div><span>Orele de lucru<small>Monday-Friday 08.00 - 18.00<\/br>Saturday 09.00 - 17.00<\/small><\/span><\/div><\/li><\/ul>\t\t<\/div>\n\t\t\t\t<\/div>\n\t\t\t\t<\/div>\n\t\t<div class=\"elementor-element elementor-element-0480cd3 e-con-full e-flex e-con e-child\" data-id=\"0480cd3\" data-element_type=\"container\">\n\t\t\t\t<div class=\"elementor-element elementor-element-ddf5789 elementor-widget elementor-widget-cz_title\" data-id=\"ddf5789\" data-element_type=\"widget\" data-widget_type=\"cz_title.default\">\n\t\t\t\t<div class=\"elementor-widget-container\">\n\t\t\t\t\r\n\t\t<div>\r\n\t\t\t<div class=\"cz_title clr cz_title_pos_inline\"><div class=\"cz_title_content\"><div class=\"cz_wpe_content\"><h3>Moldova<\/h3><\/div><\/div><\/div>\r\n\t\t<\/div>\r\n\t\t\r\n\t\t\t\t<\/div>\n\t\t\t\t<\/div>\n\t\t\t\t<div class=\"elementor-element elementor-element-3449d9d elementor-widget elementor-widget-cz_stylish_list\" data-id=\"3449d9d\" data-element_type=\"widget\" data-widget_type=\"cz_stylish_list.default\">\n\t\t\t\t<div class=\"elementor-widget-container\">\n\t\t\t<ul class=\"cz_stylish_list clr cz_sl_icon_hover_none\"><li class=\"elementor-repeater-item-94ffcfe clr\"><a href=\"tel: 373 6770 7000\"><div class=\"cz_sl_icon\"><i class=\"mr10 fas fa-phone-alt\"><\/i><\/div><div><span>+373 6770 7000<\/span><\/div><\/a><\/li><li class=\"elementor-repeater-item-df4ac6d clr\"><div class=\"cz_sl_icon\"><i class=\"mr10 czi czico-170-location\"><\/i><\/div><div><span>Chisinau, 88 Ismail str., Republic of Moldova<\/span><\/div><\/li><\/ul>\t\t<\/div>\n\t\t\t\t<\/div>\n\t\t\t\t<\/div>\n\t\t<div class=\"elementor-element elementor-element-9c5282c e-con-full e-flex e-con e-child\" data-id=\"9c5282c\" data-element_type=\"container\">\n\t\t\t\t<div class=\"elementor-element elementor-element-716efea elementor-widget elementor-widget-cz_title\" data-id=\"716efea\" data-element_type=\"widget\" data-widget_type=\"cz_title.default\">\n\t\t\t\t<div class=\"elementor-widget-container\">\n\t\t\t\t\r\n\t\t<div>\r\n\t\t\t<div class=\"cz_title clr cz_title_pos_inline\"><div class=\"cz_title_content\"><div class=\"cz_wpe_content\"><h3>France<\/h3><\/div><\/div><\/div>\r\n\t\t<\/div>\r\n\t\t\r\n\t\t\t\t<\/div>\n\t\t\t\t<\/div>\n\t\t\t\t<div class=\"elementor-element elementor-element-7f5c632 elementor-widget elementor-widget-cz_stylish_list\" data-id=\"7f5c632\" data-element_type=\"widget\" data-widget_type=\"cz_stylish_list.default\">\n\t\t\t\t<div class=\"elementor-widget-container\">\n\t\t\t<ul class=\"cz_stylish_list clr cz_sl_icon_hover_none\"><li class=\"elementor-repeater-item-94ffcfe clr\"><a href=\"tel: 33 686 219 353\"><div class=\"cz_sl_icon\"><i class=\"mr10 fas fa-phone-alt\"><\/i><\/div><div><span>+33 686 219 353<\/span><\/div><\/a><\/li><li class=\"elementor-repeater-item-df4ac6d clr\"><div class=\"cz_sl_icon\"><i class=\"mr10 czi czico-170-location\"><\/i><\/div><div><span>Paris, Chateau de Vincennes, metro 1, Avenue de Nogent<\/span><\/div><\/li><\/ul>\t\t<\/div>\n\t\t\t\t<\/div>\n\t\t\t\t<\/div>\n\t\t<div class=\"elementor-element elementor-element-16e3526 e-con-full e-flex e-con e-child\" data-id=\"16e3526\" data-element_type=\"container\">\n\t\t\t\t<div class=\"elementor-element elementor-element-5f4c7cd elementor-widget elementor-widget-cz_title\" data-id=\"5f4c7cd\" data-element_type=\"widget\" data-widget_type=\"cz_title.default\">\n\t\t\t\t<div class=\"elementor-widget-container\">\n\t\t\t\t\r\n\t\t<div>\r\n\t\t\t<div class=\"cz_title clr cz_title_pos_inline\"><div class=\"cz_title_content\"><div class=\"cz_wpe_content\"><h3>Germany<\/h3><\/div><\/div><\/div>\r\n\t\t<\/div>\r\n\t\t\r\n\t\t\t\t<\/div>\n\t\t\t\t<\/div>\n\t\t\t\t<div class=\"elementor-element elementor-element-0cbf948 elementor-widget elementor-widget-cz_stylish_list\" data-id=\"0cbf948\" data-element_type=\"widget\" data-widget_type=\"cz_stylish_list.default\">\n\t\t\t\t<div class=\"elementor-widget-container\">\n\t\t\t<ul class=\"cz_stylish_list clr cz_sl_icon_hover_none\"><li class=\"elementor-repeater-item-94ffcfe clr\"><a href=\"tel: 49 157 3883 6223\"><div class=\"cz_sl_icon\"><i class=\"mr10 fas fa-phone-alt\"><\/i><\/div><div><span>+49 157 3883 6223<\/span><\/div><\/a><\/li><li class=\"elementor-repeater-item-df4ac6d clr\"><div class=\"cz_sl_icon\"><i class=\"mr10 czi czico-170-location\"><\/i><\/div><div><span>Dortmund, BorsigstraBe 20-22, Germany<\/span><\/div><\/li><\/ul>\t\t<\/div>\n\t\t\t\t<\/div>\n\t\t\t\t<\/div>\n\t\t\t\t<\/div>\n\t\t<div class=\"elementor-element elementor-element-a8b74bd e-con-full e-flex e-con e-child\" data-id=\"a8b74bd\" data-element_type=\"container\" data-settings=\"{&quot;background_background&quot;:&quot;classic&quot;}\">\n\t\t\t\t<div class=\"elementor-element elementor-element-5714309 elementor-widget elementor-widget-cz_title\" data-id=\"5714309\" data-element_type=\"widget\" data-widget_type=\"cz_title.default\">\n\t\t\t\t<div class=\"elementor-widget-container\">\n\t\t\t\t\r\n\t\t<div>\r\n\t\t\t<div class=\"cz_title clr cz_title_pos_inline\"><div class=\"cz_title_content\"><div class=\"cz_wpe_content\"><h2>Write to us<\/h2><\/div><\/div><\/div>\r\n\t\t<\/div>\r\n\t\t\r\n\t\t\t\t<\/div>\n\t\t\t\t<\/div>\n\t\t\t\t<div class=\"elementor-element elementor-element-ca9d306 elementor-widget__width-initial elementor-widget elementor-widget-cz_contact_form_7\" data-id=\"ca9d306\" data-element_type=\"widget\" data-widget_type=\"cz_contact_form_7.default\">\n\t\t\t\t<div class=\"elementor-widget-container\">\n\t\t\t\t\t<div class=\"cz_cf7 clr\">\r\n\t\t\t<div>\n<div class=\"wpcf7 no-js\" id=\"wpcf7-f124-o1\" lang=\"en-US\" dir=\"ltr\">\n<div class=\"screen-reader-response\"><p role=\"status\" aria-live=\"polite\" aria-atomic=\"true\"><\/p> <ul><\/ul><\/div>\n<form action=\"\/en\/wp-json\/wp\/v2\/pages\/1526#wpcf7-f124-o1\" method=\"post\" class=\"wpcf7-form init\" aria-label=\"Contact form\" novalidate=\"novalidate\" data-status=\"init\" data-trp-original-action=\"\/en\/wp-json\/wp\/v2\/pages\/1526#wpcf7-f124-o1\">\n<div style=\"display: none;\">\n<input type=\"hidden\" name=\"_wpcf7\" value=\"124\" \/>\n<input type=\"hidden\" name=\"_wpcf7_version\" value=\"5.9.8\" \/>\n<input type=\"hidden\" name=\"_wpcf7_locale\" value=\"en_US\" \/>\n<input type=\"hidden\" name=\"_wpcf7_unit_tag\" value=\"wpcf7-f124-o1\" \/>\n<input type=\"hidden\" name=\"_wpcf7_container_post\" value=\"0\" \/>\n<input type=\"hidden\" name=\"_wpcf7_posted_data_hash\" value=\"\" \/>\n<\/div>\n<p><span class=\"wpcf7-form-control-wrap\" data-name=\"nume\"><input size=\"40\" maxlength=\"400\" class=\"wpcf7-form-control wpcf7-text wpcf7-validates-as-required\" aria-required=\"true\" aria-invalid=\"false\" placeholder=\"Name First name\" value=\"\" type=\"text\" name=\"nume\" \/><\/span>\n<\/p>\n<p><span class=\"wpcf7-form-control-wrap\" data-name=\"email\"><input size=\"40\" maxlength=\"400\" class=\"wpcf7-form-control wpcf7-email wpcf7-validates-as-required wpcf7-text wpcf7-validates-as-email\" aria-required=\"true\" aria-invalid=\"false\" placeholder=\"Email\" value=\"\" type=\"email\" name=\"email\" \/><\/span>\n<\/p>\n<p><span class=\"wpcf7-form-control-wrap\" data-name=\"telefon\"><input size=\"40\" maxlength=\"400\" class=\"wpcf7-form-control wpcf7-text wpcf7-validates-as-required\" aria-required=\"true\" aria-invalid=\"false\" placeholder=\"Phone\" value=\"\" type=\"text\" name=\"telefon\" \/><\/span>\n<\/p>\n<p><span class=\"wpcf7-form-control-wrap\" data-name=\"mesaj\"><textarea cols=\"40\" rows=\"10\" maxlength=\"2000\" class=\"wpcf7-form-control wpcf7-textarea\" aria-invalid=\"false\" placeholder=\"Message\" name=\"mesaj\"><\/textarea><\/span>\n<\/p>\n<p><input class=\"wpcf7-form-control wpcf7-submit has-spinner\" type=\"submit\" value=\"Send Message\" \/>\n<\/p><div class=\"wpcf7-response-output\" aria-hidden=\"true\"><\/div>\n<input type=\"hidden\" name=\"trp-form-language\" value=\"en\"\/><\/form>\n<\/div>\n<\/div>\r\n\t\t<\/div>\r\n\t\t\t\t<\/div>\n\t\t\t\t<\/div>\n\t\t\t\t<\/div>\n\t\t\t\t<\/div>\n\t\t\t\t<section class=\"elementor-section elementor-top-section elementor-element elementor-element-3604835 elementor-section-boxed elementor-section-height-default elementor-section-height-default\" data-id=\"3604835\" data-element_type=\"section\">\n\t\t\t\t\t\t<div class=\"elementor-container elementor-column-gap-default\">\n\t\t\t\t\t<div class=\"elementor-column elementor-col-100 elementor-top-column elementor-element elementor-element-ff150ca\" data-id=\"ff150ca\" data-element_type=\"column\">\n\t\t\t<div class=\"elementor-widget-wrap elementor-element-populated\">\n\t\t\t\t\t\t<div class=\"elementor-element elementor-element-da99653 elementor-widget elementor-widget-cz_title\" data-id=\"da99653\" data-element_type=\"widget\" data-widget_type=\"cz_title.default\">\n\t\t\t\t<div class=\"elementor-widget-container\">\n\t\t\t\t\r\n\t\t<div>\r\n\t\t\t<div class=\"cz_title clr cz_title_pos_inline tac\"><div class=\"cz_title_content\"><div class=\"cz_wpe_content\"><h2 style=\"text-align: center;\" class=\" translation-block\">Map of <span style=\"color: #fea500\">Boarding <\/span>Locations<\/h2><\/div><\/div><\/div>\r\n\t\t<\/div>\r\n\t\t\r\n\t\t\t\t<\/div>\n\t\t\t\t<\/div>\n\t\t\t\t<div class=\"elementor-element elementor-element-e14f8a9 elementor-widget elementor-widget-shortcode\" data-id=\"e14f8a9\" data-element_type=\"widget\" data-widget_type=\"shortcode.default\">\n\t\t\t\t<div class=\"elementor-widget-container\">\n\t\t\t\t\t<div class=\"elementor-shortcode\"><div class=\"map-container\"><\/div><\/div>\n\t\t\t\t<\/div>\n\t\t\t\t<\/div>\n\t\t\t\t\t<\/div>\n\t\t<\/div>\n\t\t\t\t\t<\/div>\n\t\t<\/section>\n\t\t\t\t<\/div>","protected":false},"excerpt":{"rendered":"<p>info@noetrans.md Orele de lucruLuni-Vineri 08.00 &#8211; 18.00S\u00e2mb\u0103t\u0103 09.00 &#8211; 17.00 Moldova &#8230; <\/p>","protected":false},"author":1,"featured_media":0,"parent":0,"menu_order":0,"comment_status":"closed","ping_status":"closed","template":"","meta":{"inline_featured_image":false,"footnotes":""},"class_list":["post-1526","page","type-page","status-publish","hentry"],"_links":{"self":[{"href":"https:\/\/noetrans.siteon.click\/en\/wp-json\/wp\/v2\/pages\/1526","targetHints":{"allow":["GET"]}}],"collection":[{"href":"https:\/\/noetrans.siteon.click\/en\/wp-json\/wp\/v2\/pages"}],"about":[{"href":"https:\/\/noetrans.siteon.click\/en\/wp-json\/wp\/v2\/types\/page"}],"author":[{"embeddable":true,"href":"https:\/\/noetrans.siteon.click\/en\/wp-json\/wp\/v2\/users\/1"}],"replies":[{"embeddable":true,"href":"https:\/\/noetrans.siteon.click\/en\/wp-json\/wp\/v2\/comments?post=1526"}],"version-history":[{"count":44,"href":"https:\/\/noetrans.siteon.click\/en\/wp-json\/wp\/v2\/pages\/1526\/revisions"}],"predecessor-version":[{"id":3333,"href":"https:\/\/noetrans.siteon.click\/en\/wp-json\/wp\/v2\/pages\/1526\/revisions\/3333"}],"wp:attachment":[{"href":"https:\/\/noetrans.siteon.click\/en\/wp-json\/wp\/v2\/media?parent=1526"}],"curies":[{"name":"wp","href":"https:\/\/api.w.org\/{rel}","templated":true}]}}